{"id":15,"date":"2014-10-29T19:30:35","date_gmt":"2014-10-29T18:30:35","guid":{"rendered":"http:\/\/trzcianka.zhp.wlkp.pl\/?page_id=15"},"modified":"2018-06-04T15:07:45","modified_gmt":"2018-06-04T13:07:45","slug":"zagle","status":"publish","type":"page","link":"https:\/\/trzcianka.zhp.wlkp.pl\/?page_id=15","title":{"rendered":"\u017beglarze"},"content":{"rendered":"<p><a href=\"https:\/\/trzcianka.zhp.wlkp.pl\/?attachment_id=42\" rel=\"attachment wp-att-42\"><img loading=\"lazy\" decoding=\"async\" class=\"alignnone size-full wp-image-42\" title=\"zeglarze (2)\" src=\"https:\/\/trzcianka.zhp.wlkp.pl\/wp-content\/uploads\/2014\/10\/zeglarze-2.jpg\" alt=\"\" width=\"680\" height=\"268\" srcset=\"https:\/\/trzcianka.zhp.wlkp.pl\/wp-content\/uploads\/2014\/10\/zeglarze-2.jpg 680w, https:\/\/trzcianka.zhp.wlkp.pl\/wp-content\/uploads\/2014\/10\/zeglarze-2-300x118.jpg 300w\" sizes=\"auto, (max-width: 680px) 100vw, 680px\" \/><\/a><\/p>\n<p style=\"text-indent: 20px; font-size: 16px; font-weight: normal; line-height: 30px;\">Harcerski Klub \u017beglarski to du\u017ca grupa entuzjast\u00f3w \u017ceglarstwa &#8211; instruktor\u00f3w harcerskich i \u017ceglarskich oraz niema\u0142ej grupy dzieci i m\u0142odzie\u017cy w wieku od 10 lat, po\u0142o\u017cony nad pi\u0119knym jeziorem Sarcz. Na terenie Harcerskiego O\u015brodka Wodnego prowadz\u0105 systematyczne zaj\u0119cia z dzie\u0107mi i m\u0142odzie\u017c\u0105 w czterech dru\u017cynach.<\/p>\n<p style=\"text-indent: 20px; font-size: 16px; font-weight: normal; line-height: 30px;\">Generalnym celem zaj\u0119\u0107 jest nauka p\u0142ywania, zdobywanie stopni harcerskich oraz kwalifikacji \u017ceglarskich.<\/p>\n<p style=\"text-indent: 20px; font-size: 16px; font-weight: normal; line-height: 30px;\">W dyspozycji O\u015brodka znajduje si\u0119 ca\u0142y niezb\u0119dny sprz\u0119t s\u0142u\u017c\u0105cy do szkolenia &#8211; \u0142odzie turystyczne typu &#8222;Omega&#8221; i sportowe typu &#8222;Optymist&#8221; i &#8222;Kadet&#8221;, a tak\u017ce sprz\u0119t zabezpieczaj\u0105cy zaj\u0119cia i \u015brodki transportu.<br \/>\nCorocznie w okresie wakacyjnym O\u015brodek organizuje na du\u017cych akwenach obozy \u017ceglarskie oraz kursy na patent \u017ceglarza jachtowego.<\/p>\n<p style=\"font-size: 16px; font-weight: normal; line-height: 30px;\">Komendant Harcerskiego Klubu \u017beglarskiego: Rafa\u0142 Jastrz\u0119bski<br \/>\ntel.: 787 010 444<\/p>\n<p>&nbsp;<\/p>\n","protected":false},"excerpt":{"rendered":"<p>Harcerski Klub \u017beglarski to du\u017ca grupa entuzjast\u00f3w \u017ceglarstwa &#8211; instruktor\u00f3w harcerskich i \u017ceglarskich oraz niema\u0142ej grupy dzieci i m\u0142odzie\u017cy w wieku od 10 lat, po\u0142o\u017cony nad pi\u0119knym jeziorem Sarcz. Na terenie Harcerskiego O\u015brodka Wodnego prowadz\u0105 systematyczne zaj\u0119cia z dzie\u0107mi i m\u0142odzie\u017c\u0105 w czterech dru\u017cynach. Generalnym celem zaj\u0119\u0107 jest nauka p\u0142ywania, [&hellip;]<\/p>\n","protected":false},"author":1,"featured_media":42,"parent":0,"menu_order":7,"comment_status":"closed","ping_status":"open","template":"","meta":{"footnotes":""},"class_list":["post-15","page","type-page","status-publish","has-post-thumbnail","hentry"],"aioseo_notices":[],"_links":{"self":[{"href":"https:\/\/trzcianka.zhp.wlkp.pl\/index.php?rest_route=\/wp\/v2\/pages\/15","targetHints":{"allow":["GET"]}}],"collection":[{"href":"https:\/\/trzcianka.zhp.wlkp.pl\/index.php?rest_route=\/wp\/v2\/pages"}],"about":[{"href":"https:\/\/trzcianka.zhp.wlkp.pl\/index.php?rest_route=\/wp\/v2\/types\/page"}],"author":[{"embeddable":true,"href":"https:\/\/trzcianka.zhp.wlkp.pl\/index.php?rest_route=\/wp\/v2\/users\/1"}],"replies":[{"embeddable":true,"href":"https:\/\/trzcianka.zhp.wlkp.pl\/index.php?rest_route=%2Fwp%2Fv2%2Fcomments&post=15"}],"version-history":[{"count":6,"href":"https:\/\/trzcianka.zhp.wlkp.pl\/index.php?rest_route=\/wp\/v2\/pages\/15\/revisions"}],"predecessor-version":[{"id":982,"href":"https:\/\/trzcianka.zhp.wlkp.pl\/index.php?rest_route=\/wp\/v2\/pages\/15\/revisions\/982"}],"wp:featuredmedia":[{"embeddable":true,"href":"https:\/\/trzcianka.zhp.wlkp.pl\/index.php?rest_route=\/wp\/v2\/media\/42"}],"wp:attachment":[{"href":"https:\/\/trzcianka.zhp.wlkp.pl\/index.php?rest_route=%2Fwp%2Fv2%2Fmedia&parent=15"}],"curies":[{"name":"wp","href":"https:\/\/api.w.org\/{rel}","templated":true}]}}