{"id":17,"date":"2014-10-29T19:31:59","date_gmt":"2014-10-29T18:31:59","guid":{"rendered":"http:\/\/trzcianka.zhp.wlkp.pl\/?page_id=17"},"modified":"2024-04-02T11:13:16","modified_gmt":"2024-04-02T09:13:16","slug":"kontakt","status":"publish","type":"page","link":"https:\/\/trzcianka.zhp.wlkp.pl\/?page_id=17","title":{"rendered":"Kontakt"},"content":{"rendered":"<h5>ZWI\u0104ZEK HARCERSTWA POLSKIEGO CHOR\u0104GIEW WIELKOPOLSKA<\/h5>\n<h6 style=\"font-size: 16px; font-weight: normal; line-height: 30px;\"><strong>Komenda Hufca im. ppor. Emilii Gierczak<\/strong><br \/><span>ul. Gen. W\u0142adys\u0142awa Sikorskiego 36<\/span>, 64 &#8211; 980 Trzcianka, woj. wielkopolskie<br \/>skr. poczt. 65, tel. kom. 666 397 978<\/h6>\n<h6>Zesp\u00f3\u0142 Szk\u00f3\u0142 Ponadgimnazjalnych (wej\u015bcie od strony ulicy Stanis\u0142awa Staszica)<\/h6>\n<p style=\"font-size: 16px; font-weight: normal; line-height: 30px;\">FB: <a href=\"https:\/\/www.facebook.com\/zhphufiectrzcianka\">facebook.com\/zhphufiectrzcianka<\/a><br \/>IG:\u00a0<a href=\"https:\/\/www.instagram.com\/hufiec.zhp.trzcianka\/\">https:\/\/www.instagram.com\/hufiec.zhp.trzcianka\/<\/a><br \/>e-mail:\u00a0<a href=\"mailto:trzcianka@zhp.wlkp.pl\">trzcianka@zhp.wlkp.pl<\/a><\/p>\n<p style=\"font-size: 16px; font-weight: normal; line-height: 30px;\">Organizacja Po\u017cytku Publicznego<\/p>\n<p style=\"font-size: 16px; font-weight: normal; line-height: 30px;\">Konto Bankowe:<br \/>mBank<br \/>06 1140 2004 0000 3102 8442 0405<\/p>\n<h6 style=\"font-size: 16px; font-weight: normal; line-height: 30px;\"><strong>Komisja Rewizyjna<\/strong><br \/>e-mail: <a href=\"mailto:rewizyjna.trzcianka@zhp.wlkp.pl\">rewizyjna.trzcianka@zhp.wlkp.pl<\/a><\/h6>\n<p><strong>Komisja Stopni Instruktorskich<\/strong><br \/>e-mail: <a href=\"mailto:ksi.trzcianka@zhp.wlkp.pl\">ksi.trzcianka@zhp.wlkp.pl<\/a><\/p>\n<p style=\"font-size: 16px; font-weight: normal; line-height: 30px;\"><strong>Rzecznik Prasowy KH Trzcianka<\/strong><br \/>pwd. Marek Joachimiak<br \/>tel. 600 691 926<br \/>e-mail: <a href=\"mailto:marek.joachimiak@zhp.net.pl\"><span>marek.joachimiak@zhp.net.pl<\/span><\/a><br \/>FB:\u00a0<a href=\"https:\/\/www.facebook.com\/marek.joachimiak.39?fref=ts\">facebook.com\/marek.joachimiak<\/a><\/p>\n<p>&nbsp;<\/p>\n","protected":false},"excerpt":{"rendered":"<p>ZWI\u0104ZEK HARCERSTWA POLSKIEGO CHOR\u0104GIEW WIELKOPOLSKA Komenda Hufca im. ppor. Emilii Gierczakul. Gen. W\u0142adys\u0142awa Sikorskiego 36, 64 &#8211; 980 Trzcianka, woj. wielkopolskieskr. poczt. 65, tel. kom. 666 397 978 Zesp\u00f3\u0142 Szk\u00f3\u0142 Ponadgimnazjalnych (wej\u015bcie od strony ulicy Stanis\u0142awa Staszica) FB: facebook.com\/zhphufiectrzciankaIG:\u00a0https:\/\/www.instagram.com\/hufiec.zhp.trzcianka\/e-mail:\u00a0trzcianka@zhp.wlkp.pl Organizacja Po\u017cytku Publicznego Konto Bankowe:mBank06 1140 2004 0000 3102 8442 0405 [&hellip;]<\/p>\n","protected":false},"author":1,"featured_media":0,"parent":0,"menu_order":9,"comment_status":"closed","ping_status":"closed","template":"","meta":{"footnotes":""},"class_list":["post-17","page","type-page","status-publish","hentry"],"aioseo_notices":[],"_links":{"self":[{"href":"https:\/\/trzcianka.zhp.wlkp.pl\/index.php?rest_route=\/wp\/v2\/pages\/17","targetHints":{"allow":["GET"]}}],"collection":[{"href":"https:\/\/trzcianka.zhp.wlkp.pl\/index.php?rest_route=\/wp\/v2\/pages"}],"about":[{"href":"https:\/\/trzcianka.zhp.wlkp.pl\/index.php?rest_route=\/wp\/v2\/types\/page"}],"author":[{"embeddable":true,"href":"https:\/\/trzcianka.zhp.wlkp.pl\/index.php?rest_route=\/wp\/v2\/users\/1"}],"replies":[{"embeddable":true,"href":"https:\/\/trzcianka.zhp.wlkp.pl\/index.php?rest_route=%2Fwp%2Fv2%2Fcomments&post=17"}],"version-history":[{"count":22,"href":"https:\/\/trzcianka.zhp.wlkp.pl\/index.php?rest_route=\/wp\/v2\/pages\/17\/revisions"}],"predecessor-version":[{"id":2554,"href":"https:\/\/trzcianka.zhp.wlkp.pl\/index.php?rest_route=\/wp\/v2\/pages\/17\/revisions\/2554"}],"wp:attachment":[{"href":"https:\/\/trzcianka.zhp.wlkp.pl\/index.php?rest_route=%2Fwp%2Fv2%2Fmedia&parent=17"}],"curies":[{"name":"wp","href":"https:\/\/api.w.org\/{rel}","templated":true}]}}